{"id":338,"date":"2017-11-22T15:05:17","date_gmt":"2017-11-22T06:05:17","guid":{"rendered":"http:\/\/lequipeiida.jp?page_id=338"},"modified":"2018-02-01T12:52:32","modified_gmt":"2018-02-01T03:52:32","slug":"ecoledete2017report","status":"publish","type":"page","link":"https:\/\/lequipeiida.jp\/?page_id=338","title":{"rendered":"\u4e8b\u696d\u5831\u544a"},"content":{"rendered":"<p>\u767a\u8db3\u5e74\u5ea6\u6700\u521d\u306b\u4e8b\u696d\u3068\u3057\u3066\u300cSummer School 2017 (E.D.F.I)\u300d\u3092\u958b\u50ac\u81f4\u3057\u307e\u3057\u305f\u3002<\/p>\n<p>\u65e5\u4ecf\u5b66\u751f\u30d5\u30a9\u30fc\u30e9\u30e0\uff08FFJE)\u3088\u308a\u3001\u30d5\u30e9\u30f3\u30b9\u5927\u5b66\u751f12\u540d\u3001\u65e5\u672c\u5927\u5b66\u751f10\u540d\u306e\u8a0822\u540d\u3092\u62db\u304d\u3001\u5e02\u6c11\u4ea4\u6d41\u30fb\u30d5\u30a3\u30fc\u30eb\u30c9\u30ef\u30fc\u30af\u7b49\u3092\u884c\u3044\u30db\u30fc\u30e0\u30b9\u30c6\u30a4\u3092\u5229\u7528\u3057\u3066\u6587\u5316\u4ea4\u6d41\u3092\u56f3\u308a\u307e\u3057\u305f\u3002<\/p>\n<p>\u5404\u30d7\u30ed\u30b0\u30e9\u30e0\u306e\u5b9f\u65bd\u5185\u5bb9\u30ec\u30dd\u30fc\u30c8\u306f\u3000<a class=\"btn btn-primary\" href=\"#\" target=\"_blank\" rel=\"noopener\">\u30d7\u30ed\u30b0\u30e9\u30e0\u5185\u5bb9<\/a>\u3000\u30dc\u30bf\u30f3\u3067\u8a73\u7d30\u304c\u8868\u793a\u3055\u308c\u307e\u3059\u3002<\/p>\n<p>&nbsp;<\/p>\n<h5>\u25a0Summer School 2017\u3000\u5b9f\u65bd\u5185\u5bb9<\/h5>\n\n<table id=\"tablepress-1\" class=\"tablepress tablepress-id-1\">\n<tbody class=\"row-striping row-hover\">\n<tr class=\"row-1\">\n\t<td class=\"column-1\" style=\"width:20%;\">\u540d\u79f0 <\/td><td class=\"column-2\" style=\"width:70%;\">Ecole d'\u00e9t\u00e9 en fran\u00e7ais \u00e0 IIDA 2017 (E.D.F.I) <\/td>\n<\/tr>\n<tr class=\"row-2\">\n\t<td class=\"column-1\">\u6240\u5728\u5730 <\/td><td class=\"column-2\">\u3012395-0004<\/td>\n<\/tr>\n<tr class=\"row-3\">\n\t<td class=\"column-1\"><\/td><td class=\"column-2\">\u9577\u91ce\u770c\u98ef\u7530\u5e02\u4e0a\u90f7\u9ed2\u75301242-10 <\/td>\n<\/tr>\n<tr class=\"row-4\">\n\t<td class=\"column-1\">\u958b\u50ac\u65e5\u7a0b <\/td><td class=\"column-2\">2017\u5e748\u670810\u65e5\uff5e8\u670812\u65e5\uff082\u6cca3\u65e5\uff09 <\/td>\n<\/tr>\n<tr class=\"row-5\">\n\t<td class=\"column-1\">\u958b\u50ac\u5834\u6240 <\/td><td class=\"column-2\">\u98ef\u7530\u5e02\u5185\u53ca\u3073\u98ef\u7530\u5e02\u5468\u8fba <\/td>\n<\/tr>\n<tr class=\"row-6\">\n\t<td class=\"column-1\">\u5bbf\u6cca\u65bd\u8a2d <\/td><td class=\"column-2\">\u30db\u30b9\u30c8\u30d5\u30a1\u30df\u30ea\u30fc\u5b85\u4ed6 <\/td>\n<\/tr>\n<tr class=\"row-7\">\n\t<td class=\"column-1\">\u53c2\u52a0\u56e3\u4f53 <\/td><td class=\"column-2\">\u65e5\u4ecf\u5b66\u751f\u30d5\u30a9\u30fc\u30e9\u30e0\uff08FFJE) <\/td>\n<\/tr>\n<tr class=\"row-8\">\n\t<td class=\"column-1\">\u53c2\u52a0\u8005 <\/td><td class=\"column-2\">\u30d5\u30e9\u30f3\u30b9\u5927\u5b66\u751f12\u540d\u3001\u65e5\u672c\u5927\u5b66\u751f10\u540d\u3000\u8a0822\u540d <br \/>\n\uff08\u6771\u4eac\u5927\u5b66\u3001\u56fd\u969b\u57fa\u7763\u6559\u5927\u5b66\u3001\u9752\u5c71\u5b66\u9662\u5927\u5b66\u3001Paris Diderot\u3001Paris Dauphine\u4ed6\uff09 <\/td>\n<\/tr>\n<tr class=\"row-9\">\n\t<td class=\"column-1\">\u5b9f\u65bd\u6982\u8981 <\/td><td class=\"column-2\">\u2460\u98ef\u7530\u5e02\u6c11\u3068\u306e\u4ea4\u6d41\u3001\u8a8d\u77e5\u5ea6\u5411\u4e0a\u306e\u305f\u3081\u306b\u5e02\u6c11\u3068\u306e\u4ea4\u6d41\u4f1a\u3001\u30db\u30fc\u30e0\u30b9\u30c6\u30a4\u3092\u5b9f\u65bd\u3059\u308b\u3002 <br \/>\n<br \/>\n\u2461\u30d5\u30a3\u30fc\u30eb\u30c9\u30ef\u30fc\u30af\u3067\u306f\u3001\u98ef\u7530\u5e02\u306e\u6b74\u53f2\u3084\u4f1d\u7d71\u6587\u5316\u306e\u5b66\u3073\u306b\u52a0\u3048\u3001\u653f\u6cbb\u3001\u5b97\u6559\u3001\u793e\u4f1a\u3001\u6559\u80b2\u306e\u30b0\u30eb\u30fc\u30d7\u306b\u5206\u304b\u308c\u3001\u305d\u308c\u305e\u308c\u306e\u30ab\u30c6\u30b4\u30ea\u30fc\u306b\u304a\u3044\u3066\u98ef\u7530\u5e02\u306e\u904e\u53bb\u3001\u73fe\u5728\u306b\u3075\u308c\u3001\u672a\u6765\u3092\u8003\u5bdf\u3059\u308b\u3002 <br \/>\n<br \/>\n\u2462\u98ef\u7530\u5e02\u306e\u73fe\u5728\u3001\u5730\u7406\u7684\u7279\u6027\u3084\u6587\u5316\u7684\u80cc\u666f\u7b49\u306e\u5b66\u3073\u3092\u901a\u3058\u3066\u3001\u65e5\u672c\u30fb\u4ecf\u53cc\u65b9\u306e\u5b66\u751f\u3088\u308a\u30d5\u30a3\u30fc\u30c9\u30d0\u30c3\u30af\u3092\u3082\u3089\u3044\u3001\u4eca\u5f8c\u306e\u4ea4\u6d41\u30d7\u30ed\u30b0\u30e9\u30e0\u306e\u30d9\u30fc\u30b9\u3092\u4f5c\u308b\u3002 <br \/>\n<br \/>\n\uff08\u8a73\u7d30\u30d7\u30ed\u30b0\u30e9\u30e0\u306f\u5225\u7d19\u53c2\u7167\uff09 <\/td>\n<\/tr>\n<tr class=\"row-10\">\n\t<td class=\"column-1\">\u4e3b\u50ac <\/td><td class=\"column-2\">\u4e00\u822c\u793e\u56e3\u6cd5\u4eba\u30ec\u30ad\u30c3\u30d7\u98ef\u7530 <\/td>\n<\/tr>\n<\/tbody>\n<\/table>\n<!-- #tablepress-1 from cache -->\n<h5>\u25a0Summer School 2017\u3000\u5168\u4f53\u30b9\u30b1\u30b8\u30e5\u30fc\u30eb<\/h5>\n\n<table id=\"tablepress-2\" class=\"tablepress tablepress-id-2\">\n<thead>\n<tr class=\"row-1\">\n\t<th class=\"column-1\" style=\"width:10%;\">\u65e5 <\/th><th class=\"column-2\" style=\"width:10%;\">\u6642\u9593 <\/th><th class=\"column-3\" style=\"width:20%;\">\u30d7\u30ed\u30b0\u30e9\u30e0 <\/th><th class=\"column-4\" style=\"width:20%;\">\u8a73\u7d30<\/th><th class=\"column-5\" style=\"width:10%;\">\u30c6\u30fc\u30de <\/th><th class=\"column-6\" style=\"width:20%;\">\u5834\u6240 <\/th>\n<\/tr>\n<\/thead>\n<tbody class=\"row-striping row-hover\">\n<tr class=\"row-2\">\n\t<td class=\"column-1\">08.10.thu <\/td><td class=\"column-2\">PM<\/td><td class=\"column-3\">\u9ad8\u901f\u30d0\u30b9\u306b\u3066\u98ef\u7530\u3078 <\/td><td class=\"column-4\">\u9577\u91ce\u5e02\u304b\u3089<\/td><td class=\"column-5\">\u3000 <\/td><td class=\"column-6\">\u3000 <\/td>\n<\/tr>\n<tr class=\"row-3\">\n\t<td class=\"column-1\"><\/td><td class=\"column-2\">1745<\/td><td class=\"column-3\">\u79fb\u52d5<\/td><td class=\"column-4\">\u5999\u7434\u516c\u5712\u3078<\/td><td class=\"column-5\">\u3000 <\/td><td class=\"column-6\">\u3000 <\/td>\n<\/tr>\n<tr class=\"row-4\">\n\t<td class=\"column-1\">\u3000 <\/td><td class=\"column-2\">1800<\/td><td class=\"column-3\"><p><a class=\"btn btn-primary\" href=\"http:\/\/lequipeiida.jp\/?page_id=376\" target=\"_blank\" rel=\"noopener\">BBQ\u30a6\u30a7\u30eb\u30ab\u30e0\u30d1\u30fc\u30c6\u30a3<\/a><\/p><\/td><td class=\"column-4\">\u5e02\u6c11\u4ea4\u6d41<\/td><td class=\"column-5\"><\/td><td class=\"column-6\">\u5999\u7434\u516c\u5712\u30ad\u30e3\u30f3\u30d7\u5834<\/td>\n<\/tr>\n<tr class=\"row-5\">\n\t<td class=\"column-1\">\u3000 <\/td><td class=\"column-2\">2100<\/td><td class=\"column-3\">\u56e3\u4f53\u5165\u6d74 <\/td><td class=\"column-4\">\u3000 <\/td><td class=\"column-5\"><\/td><td class=\"column-6\">\u7802\u6255\u6e29\u6cc9 <\/td>\n<\/tr>\n<tr class=\"row-6\">\n\t<td class=\"column-1\">\u3000 <\/td><td class=\"column-2\">2230<\/td><td class=\"column-3\">\u56e3\u4f53\u6cca <\/td><td class=\"column-4\">\u3000 <\/td><td class=\"column-5\">\u3000 <\/td><td class=\"column-6\">\u98a8\u8d8a\u5c71\u9e93\u7814\u4fee\u30bb\u30f3\u30bf\u30fc<\/td>\n<\/tr>\n<tr class=\"row-7\">\n\t<td class=\"column-1\">\u3000 <\/td><td class=\"column-2\">\u3000 <\/td><td class=\"column-3\">\u3000 <\/td><td class=\"column-4\">\u3000 <\/td><td class=\"column-5\">\u3000 <\/td><td class=\"column-6\">\u3000 <\/td>\n<\/tr>\n<tr class=\"row-8\">\n\t<td class=\"column-1\">\u65e5 <\/td><td class=\"column-2\">\u6642\u9593 <\/td><td class=\"column-3\">\u30d7\u30ed\u30b0\u30e9\u30e0 <\/td><td class=\"column-4\">\u8a73\u7d30<\/td><td class=\"column-5\">\u30c6\u30fc\u30de <\/td><td class=\"column-6\">\u5834\u6240 <\/td>\n<\/tr>\n<tr class=\"row-9\">\n\t<td class=\"column-1\">08.11.fri <\/td><td class=\"column-2\">0800<\/td><td class=\"column-3\">\u8d77\u5e8a\u30fb\u671d\u98df <\/td><td class=\"column-4\">\u3000 <\/td><td class=\"column-5\">\u3000 <\/td><td class=\"column-6\">\u98a8\u8d8a\u5c71\u9e93\u7814\u4fee\u30bb\u30f3\u30bf\u30fc<\/td>\n<\/tr>\n<tr class=\"row-10\">\n\t<td class=\"column-1\">\u3000 <\/td><td class=\"column-2\">0900<\/td><td class=\"column-3\"><p><a class=\"btn btn-primary\" href=\"http:\/\/lequipeiida.jp\/?page_id=390\" target=\"_blank\" rel=\"noopener\">\u30aa\u30ea\u30a8\u30f3\u30c6\u30fc\u30ea\u30f3\u30b0 <\/a><\/p><\/td><td class=\"column-4\">\u884c\u7a0b\u78ba\u8a8d\u30fb\u98ef\u7530\u5e02\u306b\u3064\u3044\u3066<\/td><td class=\"column-5\"><\/td><td class=\"column-6\">\u98a8\u8d8a\u5c71\u9e93\u7814\u4fee\u30bb\u30f3\u30bf\u30fc<\/td>\n<\/tr>\n<tr class=\"row-11\">\n\t<td class=\"column-1\">\u3000 <\/td><td class=\"column-2\">A\u30eb\u30fc\u30c8 <\/td><td class=\"column-3\">\u3000 <\/td><td class=\"column-4\">\u3000 <\/td><td class=\"column-5\">\u3000 <\/td><td class=\"column-6\">\u3000 <\/td>\n<\/tr>\n<tr class=\"row-12\">\n\t<td class=\"column-1\">\u3000 <\/td><td class=\"column-2\">1030<\/td><td class=\"column-3\">\u79fb\u52d5 <\/td><td class=\"column-4\">\u4e0b\u6761\u6751\u3078 <\/td><td class=\"column-5\">\u3000 <\/td><td class=\"column-6\">\u3000 <\/td>\n<\/tr>\n<tr class=\"row-13\">\n\t<td class=\"column-1\">\u3000 <\/td><td class=\"column-2\">1100<\/td><td class=\"column-3\"><p><a class=\"btn btn-primary\" href=\"http:\/\/lequipeiida.jp\/?page_id=398\" target=\"_blank\" rel=\"noopener\">\u4e0b\u6761\u6751\u524d\u6751\u9577\u8b1b\u6f14\u4f1a<\/a><\/p><\/td><td class=\"column-4\">\u5c71\u6751\u306e\u65bd\u7b56\u306b\u3064\u3044\u3066<\/td><td class=\"column-5\">\u653f\u6cbb <\/td><td class=\"column-6\">\u4e0b\u6761\u6751\u6751\u6c11\u30bb\u30f3\u30bf\u30fc<\/td>\n<\/tr>\n<tr class=\"row-14\">\n\t<td class=\"column-1\">\u3000 <\/td><td class=\"column-2\">1230<\/td><td class=\"column-3\">\u663c\u98df <\/td><td class=\"column-4\">\u304a\u5f01\u5f53 <\/td><td class=\"column-5\">\u3000 <\/td><td class=\"column-6\">\u3000 <\/td>\n<\/tr>\n<tr class=\"row-15\">\n\t<td class=\"column-1\">\u3000 <\/td><td class=\"column-2\">1315<\/td><td class=\"column-3\">\u79fb\u52d5 <\/td><td class=\"column-4\">\u4e09\u7a42\u3078 <\/td><td class=\"column-5\">\u3000 <\/td><td class=\"column-6\">\u3000 <\/td>\n<\/tr>\n<tr class=\"row-16\">\n\t<td class=\"column-1\">\u3000 <\/td><td class=\"column-2\">1330<\/td><td class=\"column-3\"><p><a class=\"btn btn-primary\" href=\"http:\/\/lequipeiida.jp\/?page_id=435\" target=\"_blank\" rel=\"noopener\">\u65e7\u5c0f\u7b20\u539f\u5bb6\u66f8\u9662\u8996\u5bdf<\/a><\/p><\/td><td class=\"column-4\">\u98ef\u7530\u306e\u7d71\u6cbb\u306e\u6b74\u53f2 <\/td><td class=\"column-5\">\u653f\u6cbb<\/td><td class=\"column-6\">\u65e7\u5c0f\u7b20\u539f\u5bb6\u66f8\u9662\u30fb\u5c0f\u7b20\u539f\u8cc7\u6599\u9928 <\/td>\n<\/tr>\n<tr class=\"row-17\">\n\t<td class=\"column-1\">\u3000 <\/td><td class=\"column-2\">1430<\/td><td class=\"column-3\">\u79fb\u52d5 <\/td><td class=\"column-4\">\u8acf\u8a2a\u753a\u3078 <\/td><td class=\"column-5\">\u3000 <\/td><td class=\"column-6\">\u3000 <\/td>\n<\/tr>\n<tr class=\"row-18\">\n\t<td class=\"column-1\">\u3000 <\/td><td class=\"column-2\">1500<\/td><td class=\"column-3\"><p><a class=\"btn btn-primary\" href=\"http:\/\/lequipeiida.jp\/?page_id=437\" target=\"_blank\" rel=\"noopener\">\u4ecf\u6559\u7814\u4fee<\/a><\/p><\/td><td class=\"column-4\">\u4ecf\u6559\u306e\u89e3\u8aac <\/td><td class=\"column-5\">\u5b97\u6559 <\/td><td class=\"column-6\">\u9577\u4e45\u5bfa <\/td>\n<\/tr>\n<tr class=\"row-19\">\n\t<td class=\"column-1\">\u3000 <\/td><td class=\"column-2\">1530<\/td><td class=\"column-3\"><p><a class=\"btn btn-primary\" href=\"http:\/\/lequipeiida.jp\/?page_id=439\" target=\"_blank\" rel=\"noopener\">\u795e\u9053\u7814\u4fee<\/a><\/p><\/td><td class=\"column-4\">\u795e\u9053\u306e\u89e3\u8aac <\/td><td class=\"column-5\">\u5b97\u6559 <\/td><td class=\"column-6\">\u5927\u5bae\u8acf\u8a2a\u795e\u793e <\/td>\n<\/tr>\n<tr class=\"row-20\">\n\t<td class=\"column-1\">\u3000 <\/td><td class=\"column-2\">1600<\/td><td class=\"column-3\"><p><a class=\"btn btn-primary\" href=\"http:\/\/lequipeiida.jp\/?page_id=441\" target=\"_blank\" rel=\"noopener\">\u304a\u76c6\u306e\u98a8\u7fd2\u7814\u4fee<\/a><\/p><\/td><td class=\"column-4\">\u304a\u76c6\u306e\u98a8\u7fd2\u306b\u3064\u3044\u3066\u3001\u76c6\u7528\u54c1 <\/td><td class=\"column-5\">\u5b97\u6559 <\/td><td class=\"column-6\">\u5e73\u5b89\u796d\u5178\u5c55\u793a\u5834<\/td>\n<\/tr>\n<tr class=\"row-21\">\n\t<td class=\"column-1\">\u3000 <\/td><td class=\"column-2\">1700<\/td><td class=\"column-3\">\u5408\u6d41<\/td><td class=\"column-4\">B\u30eb\u30fc\u30c8\u3068\u5408\u6d41 <\/td><td class=\"column-5\">\u3000 <\/td><td class=\"column-6\">\u3000 <\/td>\n<\/tr>\n<tr class=\"row-22\">\n\t<td class=\"column-1\">\u3000 <\/td><td class=\"column-2\">B\u30eb\u30fc\u30c8 <\/td><td class=\"column-3\">\u3000 <\/td><td class=\"column-4\">\u3000 <\/td><td class=\"column-5\">\u3000 <\/td><td class=\"column-6\">\u3000 <\/td>\n<\/tr>\n<tr class=\"row-23\">\n\t<td class=\"column-1\">\u3000 <\/td><td class=\"column-2\">1030<\/td><td class=\"column-3\">\u79fb\u52d5 <\/td><td class=\"column-4\">\u55ac\u6728\u6751\u3078 <\/td><td class=\"column-5\">\u3000 <\/td><td class=\"column-6\">\u3000 <\/td>\n<\/tr>\n<tr class=\"row-24\">\n\t<td class=\"column-1\">\u3000 <\/td><td class=\"column-2\">1100<\/td><td class=\"column-3\"><p><a class=\"btn btn-primary\" href=\"http:\/\/lequipeiida.jp\/?page_id=444\" target=\"_blank\" rel=\"noopener\">\u963f\u5cf6\u5098\u7814\u4fee<\/a><\/p> <\/td><td class=\"column-4\">\u4f1d\u7d71\u6587\u5316\u306e\u7d99\u627f<\/td><td class=\"column-5\">\u793e\u4f1a\u30fb\u751f\u6d3b<\/td><td class=\"column-6\">\u963f\u5cf6\u5098\u4f1d\u627f\u9928<\/td>\n<\/tr>\n<tr class=\"row-25\">\n\t<td class=\"column-1\">\u3000 <\/td><td class=\"column-2\">1200<\/td><td class=\"column-3\">\u663c\u98df <\/td><td class=\"column-4\">\u30b5\u30f3\u30c9\u30a6\u30a3\u30c3\u30c1 <\/td><td class=\"column-5\">\u3000 <\/td><td class=\"column-6\">\u305f\u304b\u304e\u6751\u8fb2\u6751\u4ea4\u6d41\u7814\u4fee\u30bb\u30f3\u30bf\u30fc<\/td>\n<\/tr>\n<tr class=\"row-26\">\n\t<td class=\"column-1\">\u3000 <\/td><td class=\"column-2\">1230<\/td><td class=\"column-3\">\u79fb\u52d5 <\/td><td class=\"column-4\">\u4e0a\u6751\u3078 <\/td><td class=\"column-5\">\u3000 <\/td><td class=\"column-6\">\u3000 <\/td>\n<\/tr>\n<tr class=\"row-27\">\n\t<td class=\"column-1\">\u3000 <\/td><td class=\"column-2\">1330<\/td><td class=\"column-3\"><p><a class=\"btn btn-primary\" href=\"http:\/\/lequipeiida.jp\/?page_id=446\" target=\"_blank\" rel=\"noopener\">\u4e0b\u6817\u306e\u91cc\u8996\u5bdf<\/a><\/p>  <\/td><td class=\"column-4\">\u5c71\u6751\u306e\u751f\u6d3b<\/td><td class=\"column-5\">\u793e\u4f1a\u30fb\u751f\u6d3b<\/td><td class=\"column-6\">\u4e0b\u6817\u306e\u91cc<\/td>\n<\/tr>\n<tr class=\"row-28\">\n\t<td class=\"column-1\">\u3000 <\/td><td class=\"column-2\">1500<\/td><td class=\"column-3\">\u79fb\u52d5 <\/td><td class=\"column-4\">\u98ef\u7530\u5e02\u5185\u3078 <\/td><td class=\"column-5\">\u3000 <\/td><td class=\"column-6\">\u3000 <\/td>\n<\/tr>\n<tr class=\"row-29\">\n\t<td class=\"column-1\">\u3000 <\/td><td class=\"column-2\">1600<\/td><td class=\"column-3\"><p><a class=\"btn btn-primary\" href=\"http:\/\/lequipeiida.jp\/?page_id=448\" target=\"_blank\" rel=\"noopener\">\u98ef\u7530\u578b\u30ad\u30e3\u30ea\u30a2\u6559\u80b2\u7814\u4fee<\/a><\/p> <\/td><td class=\"column-4\">\u98ef\u7530\u578b\u30ad\u30e3\u30ea\u30a2\u6559\u80b2\u306e\u7d39\u4ecb<\/td><td class=\"column-5\">\u6559\u80b2 <\/td><td class=\"column-6\">\u5225\u9928\u5e73\u5b89\u95a3 <\/td>\n<\/tr>\n<tr class=\"row-30\">\n\t<td class=\"column-1\">\u3000 <\/td><td class=\"column-2\">1700<\/td><td class=\"column-3\">\u5408\u6d41<\/td><td class=\"column-4\">A\u30eb\u30fc\u30c8\u3068\u5408\u6d41<\/td><td class=\"column-5\">\u3000 <\/td><td class=\"column-6\">\u3000 <\/td>\n<\/tr>\n<tr class=\"row-31\">\n\t<td class=\"column-1\">\u3000 <\/td><td class=\"column-2\">1700<\/td><td class=\"column-3\">\u79fb\u52d5<\/td><td class=\"column-4\">\u30db\u30b9\u30c8\u5b85\u3078<\/td><td class=\"column-5\">\u3000 <\/td><td class=\"column-6\">\u3000 <\/td>\n<\/tr>\n<tr class=\"row-32\">\n\t<td class=\"column-1\">\u3000 <\/td><td class=\"column-2\">1800<\/td><td class=\"column-3\"><p><a class=\"btn btn-primary\" href=\"http:\/\/lequipeiida.jp\/?page_id=454\" target=\"_blank\" rel=\"noopener\">\u30db\u30fc\u30e0\u30b9\u30c6\u30a4<\/a><\/p><\/td><td class=\"column-4\">\u30cb\u30c3\u30dd\u30f3\u306e\u7530\u820e\u306e\u66ae\u3089\u3057<\/td><td class=\"column-5\"><\/td><td class=\"column-6\"><\/td>\n<\/tr>\n<tr class=\"row-33\">\n\t<td class=\"column-1\">\u3000 <\/td><td class=\"column-2\">\u3000 <\/td><td class=\"column-3\">\u3000 <\/td><td class=\"column-4\">\u3000 <\/td><td class=\"column-5\">\u3000 <\/td><td class=\"column-6\">\u3000 <\/td>\n<\/tr>\n<tr class=\"row-34\">\n\t<td class=\"column-1\">\u65e5<\/td><td class=\"column-2\">\u6642\u9593<\/td><td class=\"column-3\">\u30d7\u30ed\u30b0\u30e9\u30e0<\/td><td class=\"column-4\">\u8a73\u7d30<\/td><td class=\"column-5\">\u30c6\u30fc\u30de<\/td><td class=\"column-6\">\u5834\u6240<\/td>\n<\/tr>\n<tr class=\"row-35\">\n\t<td class=\"column-1\">08.12.sat <\/td><td class=\"column-2\">700<\/td><td class=\"column-3\">\u8d77\u5e8a\u30fb\u671d\u98df <\/td><td class=\"column-4\">\u3000 <\/td><td class=\"column-5\">\u3000 <\/td><td class=\"column-6\">\u30db\u30b9\u30c8\u5b85 <\/td>\n<\/tr>\n<tr class=\"row-36\">\n\t<td class=\"column-1\">\u3000 <\/td><td class=\"column-2\">830<\/td><td class=\"column-3\"><p><a class=\"btn btn-primary\" href=\"http:\/\/lequipeiida.jp\/?page_id=450\" target=\"_blank\" rel=\"noopener\">\u6c34\u5f15\u4f53\u9a13<\/a><\/p>  <\/td><td class=\"column-4\">\u4f1d\u7d71\u6587\u5316\u306e\u5b58\u7d9a <\/td><td class=\"column-5\"><\/td><td class=\"column-6\">\u30ad\u30e9\u30b8\u30e7\u2606\u30cf\u30a6\u30b9 <\/td>\n<\/tr>\n<tr class=\"row-37\">\n\t<td class=\"column-1\">\u3000 <\/td><td class=\"column-2\">1000<\/td><td class=\"column-3\">\u79fb\u52d5 <\/td><td class=\"column-4\">\u5ea7\u5149\u5bfa\u3078 <\/td><td class=\"column-5\">\u3000 <\/td><td class=\"column-6\">\u3000 <\/td>\n<\/tr>\n<tr class=\"row-38\">\n\t<td class=\"column-1\">\u3000 <\/td><td class=\"column-2\">1030<\/td><td class=\"column-3\"><p><a class=\"btn btn-primary\" href=\"http:\/\/lequipeiida.jp\/?page_id=452\" target=\"_blank\" rel=\"noopener\">\u4eba\u5f62\u5287\u8996\u5bdf\u7814\u4fee<\/a><\/p> <\/td><td class=\"column-4\">\u4f1d\u7d71\u6587\u5316\u306e\u5b58\u7d9a<\/td><td class=\"column-5\"><\/td><td class=\"column-6\">\u7af9\u7530\u6247\u4e4b\u52a9\u8a18\u5ff5\u56fd\u969b\u7cf8\u64cd\u308a\u4eba\u5f62\u9928 <\/td>\n<\/tr>\n<tr class=\"row-39\">\n\t<td class=\"column-1\">\u3000 <\/td><td class=\"column-2\">1200<\/td><td class=\"column-3\">\u663c\u98df <\/td><td class=\"column-4\">\u304a\u5f01\u5f53<\/td><td class=\"column-5\">\u3000 <\/td><td class=\"column-6\">\u7dbf\u534a\u7dcf\u5408\u7814\u7a76\u6240cotton1598 <\/td>\n<\/tr>\n<tr class=\"row-40\">\n\t<td class=\"column-1\">\u3000 <\/td><td class=\"column-2\">1300<\/td><td class=\"column-3\"><p><a class=\"btn btn-primary\" href=\"http:\/\/lequipeiida.jp\/?page_id=566\" target=\"_blank\" rel=\"noopener\">\u30c7\u30a3\u30b9\u30ab\u30c3\u30b7\u30e7\u30f3<\/a><\/p> <\/td><td class=\"column-4\">\u30b7\u30f3\u30dd\u30b8\u30a6\u30e0\u3078\u307e\u3068\u3081 <\/td><td class=\"column-5\">\u610f\u898b\u4ea4\u63db <\/td><td class=\"column-6\">\u7dbf\u534a\u7dcf\u5408\u7814\u7a76\u6240cotton1598 <\/td>\n<\/tr>\n<tr class=\"row-41\">\n\t<td class=\"column-1\">\u3000 <\/td><td class=\"column-2\">\u3000 <\/td><td class=\"column-3\"><\/td><td class=\"column-4\"><\/td><td class=\"column-5\"><\/td><td class=\"column-6\"><\/td>\n<\/tr>\n<tr class=\"row-42\">\n\t<td class=\"column-1\">\u3000 <\/td><td class=\"column-2\">1500<\/td><td class=\"column-3\">\u89e3\u6563 <\/td><td class=\"column-4\">\u5f92\u6b69\u3067\u4f0a\u8cc0\u826fBS <\/td><td class=\"column-5\">\u3000 <\/td><td class=\"column-6\">\u3000 <\/td>\n<\/tr>\n<tr class=\"row-43\">\n\t<td class=\"column-1\">\u3000 <\/td><td class=\"column-2\">1516<\/td><td class=\"column-3\">\u9ad8\u901f\u30d0\u30b9\u306b\u3066\u3078 <\/td><td class=\"column-4\">\u65b0\u5bbf\u3078<\/td><td class=\"column-5\">\u3000 <\/td><td class=\"column-6\">\u4f0a\u8cc0\u826fBS <\/td>\n<\/tr>\n<tr class=\"row-44\">\n\t<td class=\"column-1\"><\/td><td class=\"column-2\"><\/td><td class=\"column-3\"><\/td><td class=\"column-4\"><\/td><td class=\"column-5\"><\/td><td class=\"column-6\"><\/td>\n<\/tr>\n<tr class=\"row-45\">\n\t<td class=\"column-1\">\u65e5 <\/td><td class=\"column-2\">\u6642\u9593 <\/td><td class=\"column-3\">\u30d7\u30ed\u30b0\u30e9\u30e0 <\/td><td class=\"column-4\">\u8a73\u7d30<\/td><td class=\"column-5\">\u30c6\u30fc\u30de <\/td><td class=\"column-6\">\u5834\u6240 <\/td>\n<\/tr>\n<tr class=\"row-46\">\n\t<td class=\"column-1\">08.16.sat <\/td><td class=\"column-2\">1300<\/td><td class=\"column-3\"><p><a class=\"btn btn-primary\" href=\"http:\/\/lequipeiida.jp\/?page_id=576\" target=\"_blank\" rel=\"noopener\">\u30b7\u30f3\u30dd\u30b8\u30a6\u30e0<\/a><\/p> <\/td><td class=\"column-4\">\u65e5\u672c(\u98ef\u7530)\u3067\u306e\u5b66\u3073\u306b\u3064\u3044\u3066 <br \/>\n\u4e3b\u50ac\uff1a\u65e5\u4ecf\u5b66\u751f\u30d5\u30a9\u30fc\u30e9\u30e0<\/td><td class=\"column-5\">\u6210\u679c\u767a\u8868 <\/td><td class=\"column-6\">\u6771\u4eac\u5b66\u82b8\u5927\u5b66 <\/td>\n<\/tr>\n<\/tbody>\n<\/table>\n<!-- #tablepress-2 from cache -->\n<p><a href=\"http:\/\/lequipeiida.jp\/wp-content\/uploads\/2017\/08\/a1fde7063d51d8c9f4fa79958d9c229b.jpg\"><img loading=\"lazy\" decoding=\"async\" class=\"alignleft size-medium wp-image-84\" src=\"http:\/\/lequipeiida.jp\/wp-content\/uploads\/2017\/08\/a1fde7063d51d8c9f4fa79958d9c229b-208x300.jpg\" alt=\"\" width=\"208\" height=\"300\" srcset=\"https:\/\/lequipeiida.jp\/wp-content\/uploads\/2017\/08\/a1fde7063d51d8c9f4fa79958d9c229b-208x300.jpg 208w, https:\/\/lequipeiida.jp\/wp-content\/uploads\/2017\/08\/a1fde7063d51d8c9f4fa79958d9c229b-768x1110.jpg 768w, https:\/\/lequipeiida.jp\/wp-content\/uploads\/2017\/08\/a1fde7063d51d8c9f4fa79958d9c229b-709x1024.jpg 709w, https:\/\/lequipeiida.jp\/wp-content\/uploads\/2017\/08\/a1fde7063d51d8c9f4fa79958d9c229b.jpg 1650w\" sizes=\"auto, (max-width: 208px) 100vw, 208px\" \/><\/a><a href=\"http:\/\/lequipeiida.jp\/wp-content\/uploads\/2017\/08\/66b8565728163ffa0d1d912c516612f8.jpg\"><img loading=\"lazy\" decoding=\"async\" class=\"alignleft size-medium wp-image-85\" src=\"http:\/\/lequipeiida.jp\/wp-content\/uploads\/2017\/08\/66b8565728163ffa0d1d912c516612f8-208x300.jpg\" alt=\"\" width=\"208\" height=\"300\" srcset=\"https:\/\/lequipeiida.jp\/wp-content\/uploads\/2017\/08\/66b8565728163ffa0d1d912c516612f8-208x300.jpg 208w, https:\/\/lequipeiida.jp\/wp-content\/uploads\/2017\/08\/66b8565728163ffa0d1d912c516612f8-768x1110.jpg 768w, https:\/\/lequipeiida.jp\/wp-content\/uploads\/2017\/08\/66b8565728163ffa0d1d912c516612f8-709x1024.jpg 709w, https:\/\/lequipeiida.jp\/wp-content\/uploads\/2017\/08\/66b8565728163ffa0d1d912c516612f8.jpg 1500w\" sizes=\"auto, (max-width: 208px) 100vw, 208px\" \/><\/a><\/p>\n","protected":false},"excerpt":{"rendered":"<p>\u767a\u8db3\u5e74\u5ea6\u6700\u521d\u306b\u4e8b\u696d\u3068\u3057\u3066\u300cSummer School 2017 (E.D.F.I)\u300d\u3092\u958b\u50ac\u81f4\u3057\u307e\u3057\u305f\u3002 \u65e5\u4ecf\u5b66\u751f\u30d5\u30a9\u30fc\u30e9\u30e0\uff08FFJE)\u3088\u308a\u3001\u30d5\u30e9\u30f3\u30b9\u5927\u5b66\u751f12\u540d\u3001\u65e5\u672c\u5927\u5b66\u751f10\u540d\u306e\u8a0822\u540d\u3092\u62db\u304d\u3001\u5e02\u6c11\u4ea4\u6d41\u30fb\u30d5\u30a3\u30fc\u30eb\u30c9\u30ef\u30fc [&hellip;]<\/p>\n","protected":false},"author":1,"featured_media":0,"parent":332,"menu_order":1,"comment_status":"closed","ping_status":"closed","template":"_g2\/page-onecolumn.php","meta":{"vkexunit_cta_each_option":"0","footnotes":""},"class_list":["post-338","page","type-page","status-publish","hentry"],"_links":{"self":[{"href":"https:\/\/lequipeiida.jp\/index.php?rest_route=\/wp\/v2\/pages\/338","targetHints":{"allow":["GET"]}}],"collection":[{"href":"https:\/\/lequipeiida.jp\/index.php?rest_route=\/wp\/v2\/pages"}],"about":[{"href":"https:\/\/lequipeiida.jp\/index.php?rest_route=\/wp\/v2\/types\/page"}],"author":[{"embeddable":true,"href":"https:\/\/lequipeiida.jp\/index.php?rest_route=\/wp\/v2\/users\/1"}],"replies":[{"embeddable":true,"href":"https:\/\/lequipeiida.jp\/index.php?rest_route=%2Fwp%2Fv2%2Fcomments&post=338"}],"version-history":[{"count":8,"href":"https:\/\/lequipeiida.jp\/index.php?rest_route=\/wp\/v2\/pages\/338\/revisions"}],"predecessor-version":[{"id":428,"href":"https:\/\/lequipeiida.jp\/index.php?rest_route=\/wp\/v2\/pages\/338\/revisions\/428"}],"up":[{"embeddable":true,"href":"https:\/\/lequipeiida.jp\/index.php?rest_route=\/wp\/v2\/pages\/332"}],"wp:attachment":[{"href":"https:\/\/lequipeiida.jp\/index.php?rest_route=%2Fwp%2Fv2%2Fmedia&parent=338"}],"curies":[{"name":"wp","href":"https:\/\/api.w.org\/{rel}","templated":true}]}}